{"id":95,"date":"2025-12-01T14:31:36","date_gmt":"2025-12-01T07:31:36","guid":{"rendered":"https:\/\/web.shiperfood.com\/?post_type=product&#038;p=95"},"modified":"2025-12-01T14:31:36","modified_gmt":"2025-12-01T07:31:36","slug":"dui-ga-ran-kfc","status":"publish","type":"product","link":"https:\/\/web.shiperfood.com\/index.php\/san-pham\/dui-ga-ran-kfc\/","title":{"rendered":"\u0110\u00f9i g\u00e0 r\u00e1n KFC"},"content":{"rendered":"<p>\u0110\u00f9i g\u00e0 chi\u00ean x\u00f9 l\u00e0 m\u00f3n \u0103n h\u1ea5p d\u1eabn v\u1edbi l\u1edbp b\u1ed9t x\u00f9 gi\u00f2n tan b\u00ean ngo\u00e0i, b\u00ean trong th\u1ecbt m\u1ec1m th\u01a1m, ph\u00f9 h\u1ee3p cho m\u1ecdi l\u1ee9a tu\u1ed5i. S\u1ef1 k\u1ebft h\u1ee3p gi\u1eefa th\u1edb th\u1ecbt \u0111\u00f9i b\u00e9o ng\u1eady v\u00e0 v\u1ecf chi\u00ean x\u00f9 t\u1ea1o n\u00ean \u201c\u0111\u1ed9 g\u00e2y nghi\u1ec7n\u201d kh\u00f3 c\u01b0\u1ee1ng. Khi chi\u00ean \u0111\u00fang c\u00e1ch, b\u1ea1n s\u1ebd th\u1ea5y l\u1edbp x\u00f9 \u201cph\u1ed3ng\u201d l\u00ean, gi\u1eef \u0111\u01b0\u1ee3c \u0111\u1ed9 \u1ea9m cho th\u1ecbt, k\u00e8m h\u01b0\u01a1ng v\u1ecb \u0111\u1eadm \u0111\u00e0. \u0110\u00e2y h\u1ee9a h\u1eb9n s\u1ebd l\u00e0 m\u00f3n \u201cru\u1ed9t\u201d trong th\u1ef1c \u0111\u01a1n nh\u00e0 b\u1ea1n.<\/p>\n","protected":false},"excerpt":{"rendered":"<p>\u0110\u00f9i g\u00e0 chi\u00ean x\u00f9 l\u00e0 m\u00f3n \u0103n h\u1ea5p d\u1eabn v\u1edbi l\u1edbp b\u1ed9t x\u00f9 gi\u00f2n tan b\u00ean ngo\u00e0i, b\u00ean trong th\u1ecbt m\u1ec1m th\u01a1m, ph\u00f9 h\u1ee3p cho m\u1ecdi l\u1ee9a tu\u1ed5i. S\u1ef1 k\u1ebft h\u1ee3p gi\u1eefa th\u1edb th\u1ecbt \u0111\u00f9i b\u00e9o ng\u1eady v\u00e0 v\u1ecf chi\u00ean x\u00f9 t\u1ea1o n\u00ean \u201c\u0111\u1ed9 g\u00e2y nghi\u1ec7n\u201d kh\u00f3 c\u01b0\u1ee1ng. Khi chi\u00ean \u0111\u00fang c\u00e1ch, b\u1ea1n s\u1ebd th\u1ea5y [&hellip;]<\/p>\n","protected":false},"featured_media":97,"comment_status":"open","ping_status":"closed","template":"","meta":[],"product_brand":[],"product_cat":[15],"product_tag":[],"class_list":{"0":"post-95","1":"product","2":"type-product","3":"status-publish","4":"has-post-thumbnail","6":"product_cat-chua-phan-loai","8":"first","9":"instock","10":"sale","11":"taxable","12":"shipping-taxable","13":"purchasable","14":"product-type-simple"},"ams_default_variation_id":0,"ams_product_points_reward":[],"ams_product_discount_percentage":21.05,"ams_price_to_display":150000,"ams_acf":[],"_links":{"self":[{"href":"https:\/\/web.shiperfood.com\/index.php\/wp-json\/wp\/v2\/product\/95","targetHints":{"allow":["GET"]}}],"collection":[{"href":"https:\/\/web.shiperfood.com\/index.php\/wp-json\/wp\/v2\/product"}],"about":[{"href":"https:\/\/web.shiperfood.com\/index.php\/wp-json\/wp\/v2\/types\/product"}],"replies":[{"embeddable":true,"href":"https:\/\/web.shiperfood.com\/index.php\/wp-json\/wp\/v2\/comments?post=95"}],"wp:featuredmedia":[{"embeddable":true,"href":"https:\/\/web.shiperfood.com\/index.php\/wp-json\/wp\/v2\/media\/97"}],"wp:attachment":[{"href":"https:\/\/web.shiperfood.com\/index.php\/wp-json\/wp\/v2\/media?parent=95"}],"wp:term":[{"taxonomy":"product_brand","embeddable":true,"href":"https:\/\/web.shiperfood.com\/index.php\/wp-json\/wp\/v2\/product_brand?post=95"},{"taxonomy":"product_cat","embeddable":true,"href":"https:\/\/web.shiperfood.com\/index.php\/wp-json\/wp\/v2\/product_cat?post=95"},{"taxonomy":"product_tag","embeddable":true,"href":"https:\/\/web.shiperfood.com\/index.php\/wp-json\/wp\/v2\/product_tag?post=95"}],"curies":[{"name":"wp","href":"https:\/\/api.w.org\/{rel}","templated":true}]}}